{"id":10,"date":"2021-04-24T15:20:38","date_gmt":"2021-04-24T13:20:38","guid":{"rendered":"https:\/\/montagepodcast.com\/?page_id=10"},"modified":"2021-04-27T15:49:22","modified_gmt":"2021-04-27T13:49:22","slug":"qui-sommes-nous-montage-podcast","status":"publish","type":"page","link":"https:\/\/www.montagepodcast.com\/en\/qui-sommes-nous-montage-podcast\/","title":{"rendered":"About"},"content":{"rendered":"<p><\/p>\n\n\n\n<h2 class=\"has-text-align-center wp-block-heading\">10 years of experience in the podcast at your service<\/h2>\n\n\n\n<p><\/p>\n\n\n\n<p>Since 2010, the non profit <a rel=\"noreferrer noopener\" href=\"https:\/\/www.badgeek.fr\/\" target=\"_blank\">BadGeek<\/a> is actively working for the promotion, broadcasting, improvement and education in the podcast world. \n\nWe believe that the podcast medium should be available to everyone and we are committed to demystifying its production. That\u2019s how <a rel=\"noreferrer noopener\" href=\"http:\/\/www.podrennes.fr\/\" data-type=\"URL\" data-id=\"http:\/\/www.podrennes.fr\/\" target=\"_blank\">PodRennes<\/a>, one of the first podcast festivals in France, was born in 2013.<\/p>\n\n\n\n<p>Throughout the years, we implemented many actions to support independent podcasters or companies in their discovery and even exploration of this medium. However, we do realize that producing a podcast is a process involving many skills, skills that not everyone is mastering or has the time to learn.<\/p>\n\n\n\n<p>N\u00e9anmoins, nous sommes conscients que produire un podcast est un processus englobant de nombreux corps de m\u00e9tier, que tout le monde ne maitrise pas ou n&rsquo;a pas le temps d&rsquo;apprendre.<\/p>\n\n\n\n<p>For these reasons, we decided to create our very own offer of editing services. We are here to support you and your podcast, occasionally or regularly, giving you more time and a free mind in order to focus on what is essential. Record your podcast, we will do the rest.<\/p>\n\n\n\n<div class=\"wp-block-buttons is-content-justification-center is-layout-flex wp-block-buttons-is-layout-flex\">\n<div class=\"wp-block-button\"><a class=\"wp-block-button__link\" href=\"https:\/\/www.montagepodcast.com\/en\/#formdevisbtn\">Get a quote<\/a><\/div>\n<\/div>\n\n\n\n<h2 class=\"has-text-align-center wp-block-heading\">Editing podcast: our services<\/h2>\n\n\n\n<p>You will find on our website a quoting tool, tailored to your podcast editing needs. You can also <a href=\"https:\/\/www.montagepodcast.com\/en\/contact\/\">contact us<\/a> if you have specific requests or questions about us or our services.<\/p>\n\n\n\n<p>By choosing us, you\u2019re assured to get tailor-made podcast episodes edited by a responsive and experienced team.<\/p>\n\n\n\n<p>May the podcast spirit be with you!<br><em>The Editing Podcast Team<\/em><\/p>","protected":false},"excerpt":{"rendered":"<p>Dix ans d&rsquo;exp\u00e9rience dans le podcast, \u00e0 votre service Depuis dix ans, l\u2019association BadGeek \u0153uvre pour la promotion, la diffusion et l&rsquo;am\u00e9lioration du podcast francophone. Nous pensons que le podcast doit \u00eatre accessible \u00e0 tous, et nous avons \u00e0 c\u0153ur d&rsquo;en d\u00e9mystifier sa production. C&rsquo;est dans cette optique que PodRennes, le festival de podcast \u00e0 [&hellip;]<\/p>\n","protected":false},"author":1,"featured_media":0,"parent":0,"menu_order":0,"comment_status":"closed","ping_status":"closed","template":"","meta":{"footnotes":""},"class_list":["post-10","page","type-page","status-publish","hentry"],"yoast_head":"<!-- This site is optimized with the Yoast SEO plugin v27.4 - https:\/\/yoast.com\/product\/yoast-seo-wordpress\/ -->\n<title>Montage Podcast - Qui sommes-nous ?<\/title>\n<meta name=\"description\" content=\"A qui confiez-vous votre podcast ? D\u00e9couvrez l&#039;\u00e9quipe Montage Podcast et pourquoi nous sommes celle qu&#039;il vous faut.\" \/>\n<meta name=\"robots\" content=\"index, follow, max-snippet:-1, max-image-preview:large, max-video-preview:-1\" \/>\n<link rel=\"canonical\" href=\"https:\/\/www.montagepodcast.com\/en\/qui-sommes-nous-montage-podcast\/\" \/>\n<meta property=\"og:locale\" content=\"en_GB\" \/>\n<meta property=\"og:type\" content=\"article\" \/>\n<meta property=\"og:title\" content=\"Montage Podcast - Qui sommes-nous ?\" \/>\n<meta property=\"og:description\" content=\"A qui confiez-vous votre podcast ? D\u00e9couvrez l&#039;\u00e9quipe Montage Podcast et pourquoi nous sommes celle qu&#039;il vous faut.\" \/>\n<meta property=\"og:url\" content=\"https:\/\/www.montagepodcast.com\/en\/qui-sommes-nous-montage-podcast\/\" \/>\n<meta property=\"og:site_name\" content=\"Montage Podcast\" \/>\n<meta property=\"article:publisher\" content=\"https:\/\/www.facebook.com\/lafabriqueapodcast\" \/>\n<meta property=\"article:modified_time\" content=\"2021-04-27T13:49:22+00:00\" \/>\n<meta name=\"twitter:card\" content=\"summary_large_image\" \/>\n<meta name=\"twitter:site\" content=\"@fabriquepodcast\" \/>\n<meta name=\"twitter:label1\" content=\"Estimated reading time\" \/>\n\t<meta name=\"twitter:data1\" content=\"1 minute\" \/>\n<script type=\"application\/ld+json\" class=\"yoast-schema-graph\">{\"@context\":\"https:\\\/\\\/schema.org\",\"@graph\":[{\"@type\":\"WebPage\",\"@id\":\"https:\\\/\\\/www.montagepodcast.com\\\/en\\\/qui-sommes-nous-montage-podcast\\\/\",\"url\":\"https:\\\/\\\/www.montagepodcast.com\\\/en\\\/qui-sommes-nous-montage-podcast\\\/\",\"name\":\"Montage Podcast - Qui sommes-nous ?\",\"isPartOf\":{\"@id\":\"https:\\\/\\\/www.montagepodcast.com\\\/#website\"},\"datePublished\":\"2021-04-24T13:20:38+00:00\",\"dateModified\":\"2021-04-27T13:49:22+00:00\",\"description\":\"A qui confiez-vous votre podcast ? D\u00e9couvrez l'\u00e9quipe Montage Podcast et pourquoi nous sommes celle qu'il vous faut.\",\"breadcrumb\":{\"@id\":\"https:\\\/\\\/www.montagepodcast.com\\\/en\\\/qui-sommes-nous-montage-podcast\\\/#breadcrumb\"},\"inLanguage\":\"en-GB\",\"potentialAction\":[{\"@type\":\"ReadAction\",\"target\":[\"https:\\\/\\\/www.montagepodcast.com\\\/en\\\/qui-sommes-nous-montage-podcast\\\/\"]}]},{\"@type\":\"BreadcrumbList\",\"@id\":\"https:\\\/\\\/www.montagepodcast.com\\\/en\\\/qui-sommes-nous-montage-podcast\\\/#breadcrumb\",\"itemListElement\":[{\"@type\":\"ListItem\",\"position\":1,\"name\":\"Accueil\",\"item\":\"https:\\\/\\\/www.montagepodcast.com\\\/\"},{\"@type\":\"ListItem\",\"position\":2,\"name\":\"Qui sommes-nous ?\"}]},{\"@type\":\"WebSite\",\"@id\":\"https:\\\/\\\/www.montagepodcast.com\\\/#website\",\"url\":\"https:\\\/\\\/www.montagepodcast.com\\\/\",\"name\":\"Montage Podcast\",\"description\":\"\",\"potentialAction\":[{\"@type\":\"SearchAction\",\"target\":{\"@type\":\"EntryPoint\",\"urlTemplate\":\"https:\\\/\\\/www.montagepodcast.com\\\/?s={search_term_string}\"},\"query-input\":{\"@type\":\"PropertyValueSpecification\",\"valueRequired\":true,\"valueName\":\"search_term_string\"}}],\"inLanguage\":\"en-GB\"}]}<\/script>\n<!-- \/ Yoast SEO plugin. -->","yoast_head_json":{"title":"Montage Podcast - Qui sommes-nous ?","description":"A qui confiez-vous votre podcast ? D\u00e9couvrez l'\u00e9quipe Montage Podcast et pourquoi nous sommes celle qu'il vous faut.","robots":{"index":"index","follow":"follow","max-snippet":"max-snippet:-1","max-image-preview":"max-image-preview:large","max-video-preview":"max-video-preview:-1"},"canonical":"https:\/\/www.montagepodcast.com\/en\/qui-sommes-nous-montage-podcast\/","og_locale":"en_GB","og_type":"article","og_title":"Montage Podcast - Qui sommes-nous ?","og_description":"A qui confiez-vous votre podcast ? D\u00e9couvrez l'\u00e9quipe Montage Podcast et pourquoi nous sommes celle qu'il vous faut.","og_url":"https:\/\/www.montagepodcast.com\/en\/qui-sommes-nous-montage-podcast\/","og_site_name":"Montage Podcast","article_publisher":"https:\/\/www.facebook.com\/lafabriqueapodcast","article_modified_time":"2021-04-27T13:49:22+00:00","twitter_card":"summary_large_image","twitter_site":"@fabriquepodcast","twitter_misc":{"Estimated reading time":"1 minute"},"schema":{"@context":"https:\/\/schema.org","@graph":[{"@type":"WebPage","@id":"https:\/\/www.montagepodcast.com\/en\/qui-sommes-nous-montage-podcast\/","url":"https:\/\/www.montagepodcast.com\/en\/qui-sommes-nous-montage-podcast\/","name":"Montage Podcast - Qui sommes-nous ?","isPartOf":{"@id":"https:\/\/www.montagepodcast.com\/#website"},"datePublished":"2021-04-24T13:20:38+00:00","dateModified":"2021-04-27T13:49:22+00:00","description":"A qui confiez-vous votre podcast ? D\u00e9couvrez l'\u00e9quipe Montage Podcast et pourquoi nous sommes celle qu'il vous faut.","breadcrumb":{"@id":"https:\/\/www.montagepodcast.com\/en\/qui-sommes-nous-montage-podcast\/#breadcrumb"},"inLanguage":"en-GB","potentialAction":[{"@type":"ReadAction","target":["https:\/\/www.montagepodcast.com\/en\/qui-sommes-nous-montage-podcast\/"]}]},{"@type":"BreadcrumbList","@id":"https:\/\/www.montagepodcast.com\/en\/qui-sommes-nous-montage-podcast\/#breadcrumb","itemListElement":[{"@type":"ListItem","position":1,"name":"Accueil","item":"https:\/\/www.montagepodcast.com\/"},{"@type":"ListItem","position":2,"name":"Qui sommes-nous ?"}]},{"@type":"WebSite","@id":"https:\/\/www.montagepodcast.com\/#website","url":"https:\/\/www.montagepodcast.com\/","name":"Editing Podcast","description":"","potentialAction":[{"@type":"SearchAction","target":{"@type":"EntryPoint","urlTemplate":"https:\/\/www.montagepodcast.com\/?s={search_term_string}"},"query-input":{"@type":"PropertyValueSpecification","valueRequired":true,"valueName":"search_term_string"}}],"inLanguage":"en-GB"}]}},"_links":{"self":[{"href":"https:\/\/www.montagepodcast.com\/en\/wp-json\/wp\/v2\/pages\/10","targetHints":{"allow":["GET"]}}],"collection":[{"href":"https:\/\/www.montagepodcast.com\/en\/wp-json\/wp\/v2\/pages"}],"about":[{"href":"https:\/\/www.montagepodcast.com\/en\/wp-json\/wp\/v2\/types\/page"}],"author":[{"embeddable":true,"href":"https:\/\/www.montagepodcast.com\/en\/wp-json\/wp\/v2\/users\/1"}],"replies":[{"embeddable":true,"href":"https:\/\/www.montagepodcast.com\/en\/wp-json\/wp\/v2\/comments?post=10"}],"version-history":[{"count":14,"href":"https:\/\/www.montagepodcast.com\/en\/wp-json\/wp\/v2\/pages\/10\/revisions"}],"predecessor-version":[{"id":162,"href":"https:\/\/www.montagepodcast.com\/en\/wp-json\/wp\/v2\/pages\/10\/revisions\/162"}],"wp:attachment":[{"href":"https:\/\/www.montagepodcast.com\/en\/wp-json\/wp\/v2\/media?parent=10"}],"curies":[{"name":"wp","href":"https:\/\/api.w.org\/{rel}","templated":true}]}}