{"id":11,"date":"2021-04-24T15:20:38","date_gmt":"2021-04-24T13:20:38","guid":{"rendered":"https:\/\/montagepodcast.com\/?page_id=11"},"modified":"2021-05-26T23:25:58","modified_gmt":"2021-05-26T21:25:58","slug":"contact-montage-podcast","status":"publish","type":"page","link":"https:\/\/www.montagepodcast.com\/en\/contact-montage-podcast\/","title":{"rendered":"Contact"},"content":{"rendered":"<p><\/p>\n\n\n\n<h2 class=\"has-text-align-center wp-block-heading\">Do you have a question, remark, do you need to talk to us?<br>We\u2019re listening.<\/h2>\n\n\n\n<p><\/p>\n\n\n\n<div class=\"wp-block-contact-form-7-contact-form-selector\">\n<div class=\"wpcf7 no-js\" id=\"wpcf7-f108-o1\" lang=\"fr-FR\" dir=\"ltr\" data-wpcf7-id=\"108\">\n<div class=\"screen-reader-response\"><p role=\"status\" aria-live=\"polite\" aria-atomic=\"true\"><\/p> <ul><\/ul><\/div>\n<form action=\"\/en\/wp-json\/wp\/v2\/pages\/11#wpcf7-f108-o1\" method=\"post\" class=\"wpcf7-form init\" aria-label=\"Formulaire de contact\" novalidate=\"novalidate\" data-status=\"init\" data-trp-original-action=\"\/en\/wp-json\/wp\/v2\/pages\/11#wpcf7-f108-o1\">\n<fieldset class=\"hidden-fields-container\"><input type=\"hidden\" name=\"_wpcf7\" value=\"108\" \/><input type=\"hidden\" name=\"_wpcf7_version\" value=\"6.1.5\" \/><input type=\"hidden\" name=\"_wpcf7_locale\" value=\"fr_FR\" \/><input type=\"hidden\" name=\"_wpcf7_unit_tag\" value=\"wpcf7-f108-o1\" \/><input type=\"hidden\" name=\"_wpcf7_container_post\" value=\"0\" \/><input type=\"hidden\" name=\"_wpcf7_posted_data_hash\" value=\"\" \/>\n<\/fieldset>\n<p><label> Your name *<br \/>\n<span class=\"wpcf7-form-control-wrap\" data-name=\"your-name\"><input size=\"40\" maxlength=\"400\" class=\"wpcf7-form-control wpcf7-text wpcf7-validates-as-required\" aria-required=\"true\" aria-invalid=\"false\" value=\"\" type=\"text\" name=\"your-name\" \/><\/span> <\/label>\n<\/p>\n<p><label> Your e-mail *<br \/>\n<span class=\"wpcf7-form-control-wrap\" data-name=\"your-email\"><input size=\"40\" maxlength=\"400\" class=\"wpcf7-form-control wpcf7-email wpcf7-validates-as-required wpcf7-text wpcf7-validates-as-email\" aria-required=\"true\" aria-invalid=\"false\" value=\"\" type=\"email\" name=\"your-email\" \/><\/span> <\/label>\n<\/p>\n<p><label> Subject of your request *<br \/>\n<span class=\"wpcf7-form-control-wrap\" data-name=\"your-subject\"><input size=\"40\" maxlength=\"400\" class=\"wpcf7-form-control wpcf7-text wpcf7-validates-as-required\" aria-required=\"true\" aria-invalid=\"false\" value=\"\" type=\"text\" name=\"your-subject\" \/><\/span> <\/label>\n<\/p>\n<p><label> Your message *<br \/>\n<span class=\"wpcf7-form-control-wrap\" data-name=\"your-message\"><textarea cols=\"40\" rows=\"10\" maxlength=\"2000\" class=\"wpcf7-form-control wpcf7-textarea wpcf7-validates-as-required\" aria-required=\"true\" aria-invalid=\"false\" name=\"your-message\"><\/textarea><\/span> <\/label>\n<\/p>\n<p><span class=\"wpcf7-form-control-wrap wpcaptcha-610\"><p class=\"c4wp-display-captcha-form\"><label for=\"Captcha *\">Captcha *<\/label><div class=\"c4wp-google-recaptcha\"><\/div><\/p><\/span><input type=\"hidden\" name=\"wpcaptcha-610-sn\" \/>\n<\/p>\n<p><input class=\"wpcf7-form-control wpcf7-submit has-spinner\" type=\"submit\" value=\"Send\" \/>\n<\/p><div class=\"wpcf7-response-output\" aria-hidden=\"true\"><\/div>\n<input type=\"hidden\" name=\"trp-form-language\" value=\"en\"\/><\/form>\n<\/div>\n<\/div>\n\n\n\n<p>Or <a href=\"https:\/\/www.montagepodcast.com\/en\/#formdevisbtn\">click here<\/a> to get an instant quote.<\/p>","protected":false},"excerpt":{"rendered":"<p>Une question ? Une remarque ? Une r\u00e9clamation ?Nous vous \u00e9coutons. Ou cliquez ici pour obtenir votre devis imm\u00e9diat.<\/p>","protected":false},"author":1,"featured_media":0,"parent":0,"menu_order":0,"comment_status":"closed","ping_status":"closed","template":"","meta":{"footnotes":""},"class_list":["post-11","page","type-page","status-publish","hentry"],"yoast_head":"<!-- This site is optimized with the Yoast SEO plugin v27.4 - https:\/\/yoast.com\/product\/yoast-seo-wordpress\/ -->\n<title>Montage Podcast - Contact<\/title>\n<meta name=\"description\" content=\"Contactez notre \u00e9quipe d\u00e8s maintenant pour obtenir votre devis de montage de podcast, ou obtenez votre devis imm\u00e9diatement\" \/>\n<meta name=\"robots\" content=\"index, follow, max-snippet:-1, max-image-preview:large, max-video-preview:-1\" \/>\n<link rel=\"canonical\" href=\"https:\/\/www.montagepodcast.com\/en\/contact-montage-podcast\/\" \/>\n<meta property=\"og:locale\" content=\"en_GB\" \/>\n<meta property=\"og:type\" content=\"article\" \/>\n<meta property=\"og:title\" content=\"Montage Podcast - Contact\" \/>\n<meta property=\"og:description\" content=\"Contactez notre \u00e9quipe d\u00e8s maintenant pour obtenir votre devis de montage de podcast, ou obtenez votre devis imm\u00e9diatement\" \/>\n<meta property=\"og:url\" content=\"https:\/\/www.montagepodcast.com\/en\/contact-montage-podcast\/\" \/>\n<meta property=\"og:site_name\" content=\"Montage Podcast\" \/>\n<meta property=\"article:publisher\" content=\"https:\/\/www.facebook.com\/lafabriqueapodcast\" \/>\n<meta property=\"article:modified_time\" content=\"2021-05-26T21:25:58+00:00\" \/>\n<meta name=\"twitter:card\" content=\"summary_large_image\" \/>\n<meta name=\"twitter:site\" content=\"@fabriquepodcast\" \/>\n<meta name=\"twitter:label1\" content=\"Estimated reading time\" \/>\n\t<meta name=\"twitter:data1\" content=\"1 minute\" \/>\n<script type=\"application\/ld+json\" class=\"yoast-schema-graph\">{\"@context\":\"https:\\\/\\\/schema.org\",\"@graph\":[{\"@type\":\"WebPage\",\"@id\":\"https:\\\/\\\/www.montagepodcast.com\\\/contact-montage-podcast\\\/\",\"url\":\"https:\\\/\\\/www.montagepodcast.com\\\/contact-montage-podcast\\\/\",\"name\":\"Montage Podcast - Contact\",\"isPartOf\":{\"@id\":\"https:\\\/\\\/www.montagepodcast.com\\\/#website\"},\"datePublished\":\"2021-04-24T13:20:38+00:00\",\"dateModified\":\"2021-05-26T21:25:58+00:00\",\"description\":\"Contactez notre \u00e9quipe d\u00e8s maintenant pour obtenir votre devis de montage de podcast, ou obtenez votre devis imm\u00e9diatement\",\"breadcrumb\":{\"@id\":\"https:\\\/\\\/www.montagepodcast.com\\\/contact-montage-podcast\\\/#breadcrumb\"},\"inLanguage\":\"en-GB\",\"potentialAction\":[{\"@type\":\"ReadAction\",\"target\":[\"https:\\\/\\\/www.montagepodcast.com\\\/contact-montage-podcast\\\/\"]}]},{\"@type\":\"BreadcrumbList\",\"@id\":\"https:\\\/\\\/www.montagepodcast.com\\\/contact-montage-podcast\\\/#breadcrumb\",\"itemListElement\":[{\"@type\":\"ListItem\",\"position\":1,\"name\":\"Accueil\",\"item\":\"https:\\\/\\\/www.montagepodcast.com\\\/\"},{\"@type\":\"ListItem\",\"position\":2,\"name\":\"Contact\"}]},{\"@type\":\"WebSite\",\"@id\":\"https:\\\/\\\/www.montagepodcast.com\\\/#website\",\"url\":\"https:\\\/\\\/www.montagepodcast.com\\\/\",\"name\":\"Montage Podcast\",\"description\":\"\",\"potentialAction\":[{\"@type\":\"SearchAction\",\"target\":{\"@type\":\"EntryPoint\",\"urlTemplate\":\"https:\\\/\\\/www.montagepodcast.com\\\/?s={search_term_string}\"},\"query-input\":{\"@type\":\"PropertyValueSpecification\",\"valueRequired\":true,\"valueName\":\"search_term_string\"}}],\"inLanguage\":\"en-GB\"}]}<\/script>\n<!-- \/ Yoast SEO plugin. -->","yoast_head_json":{"title":"Montage Podcast - Contact","description":"Contactez notre \u00e9quipe d\u00e8s maintenant pour obtenir votre devis de montage de podcast, ou obtenez votre devis imm\u00e9diatement","robots":{"index":"index","follow":"follow","max-snippet":"max-snippet:-1","max-image-preview":"max-image-preview:large","max-video-preview":"max-video-preview:-1"},"canonical":"https:\/\/www.montagepodcast.com\/en\/contact-montage-podcast\/","og_locale":"en_GB","og_type":"article","og_title":"Montage Podcast - Contact","og_description":"Contactez notre \u00e9quipe d\u00e8s maintenant pour obtenir votre devis de montage de podcast, ou obtenez votre devis imm\u00e9diatement","og_url":"https:\/\/www.montagepodcast.com\/en\/contact-montage-podcast\/","og_site_name":"Montage Podcast","article_publisher":"https:\/\/www.facebook.com\/lafabriqueapodcast","article_modified_time":"2021-05-26T21:25:58+00:00","twitter_card":"summary_large_image","twitter_site":"@fabriquepodcast","twitter_misc":{"Estimated reading time":"1 minute"},"schema":{"@context":"https:\/\/schema.org","@graph":[{"@type":"WebPage","@id":"https:\/\/www.montagepodcast.com\/contact-montage-podcast\/","url":"https:\/\/www.montagepodcast.com\/contact-montage-podcast\/","name":"Montage Podcast - Contact","isPartOf":{"@id":"https:\/\/www.montagepodcast.com\/#website"},"datePublished":"2021-04-24T13:20:38+00:00","dateModified":"2021-05-26T21:25:58+00:00","description":"Contactez notre \u00e9quipe d\u00e8s maintenant pour obtenir votre devis de montage de podcast, ou obtenez votre devis imm\u00e9diatement","breadcrumb":{"@id":"https:\/\/www.montagepodcast.com\/contact-montage-podcast\/#breadcrumb"},"inLanguage":"en-GB","potentialAction":[{"@type":"ReadAction","target":["https:\/\/www.montagepodcast.com\/contact-montage-podcast\/"]}]},{"@type":"BreadcrumbList","@id":"https:\/\/www.montagepodcast.com\/contact-montage-podcast\/#breadcrumb","itemListElement":[{"@type":"ListItem","position":1,"name":"Accueil","item":"https:\/\/www.montagepodcast.com\/"},{"@type":"ListItem","position":2,"name":"Contact"}]},{"@type":"WebSite","@id":"https:\/\/www.montagepodcast.com\/#website","url":"https:\/\/www.montagepodcast.com\/","name":"Editing Podcast","description":"","potentialAction":[{"@type":"SearchAction","target":{"@type":"EntryPoint","urlTemplate":"https:\/\/www.montagepodcast.com\/?s={search_term_string}"},"query-input":{"@type":"PropertyValueSpecification","valueRequired":true,"valueName":"search_term_string"}}],"inLanguage":"en-GB"}]}},"_links":{"self":[{"href":"https:\/\/www.montagepodcast.com\/en\/wp-json\/wp\/v2\/pages\/11","targetHints":{"allow":["GET"]}}],"collection":[{"href":"https:\/\/www.montagepodcast.com\/en\/wp-json\/wp\/v2\/pages"}],"about":[{"href":"https:\/\/www.montagepodcast.com\/en\/wp-json\/wp\/v2\/types\/page"}],"author":[{"embeddable":true,"href":"https:\/\/www.montagepodcast.com\/en\/wp-json\/wp\/v2\/users\/1"}],"replies":[{"embeddable":true,"href":"https:\/\/www.montagepodcast.com\/en\/wp-json\/wp\/v2\/comments?post=11"}],"version-history":[{"count":16,"href":"https:\/\/www.montagepodcast.com\/en\/wp-json\/wp\/v2\/pages\/11\/revisions"}],"predecessor-version":[{"id":215,"href":"https:\/\/www.montagepodcast.com\/en\/wp-json\/wp\/v2\/pages\/11\/revisions\/215"}],"wp:attachment":[{"href":"https:\/\/www.montagepodcast.com\/en\/wp-json\/wp\/v2\/media?parent=11"}],"curies":[{"name":"wp","href":"https:\/\/api.w.org\/{rel}","templated":true}]}}