{"id":149,"date":"2021-04-26T18:18:33","date_gmt":"2021-04-26T16:18:33","guid":{"rendered":"https:\/\/montagepodcast.com\/?page_id=149"},"modified":"2021-04-27T15:47:39","modified_gmt":"2021-04-27T13:47:39","slug":"details-techniques-montage-podcast","status":"publish","type":"page","link":"https:\/\/www.montagepodcast.com\/en\/details-techniques-montage-podcast\/","title":{"rendered":"Technical details"},"content":{"rendered":"<p><\/p>\n\n\n\n<h2 class=\"has-text-align-center wp-block-heading\">Glossary<\/h2>\n\n\n\n<p>Below, you will find more precise definitions of the different terms we used to describe <a href=\"https:\/\/www.montagepodcast.com\/en\/#formdevisbtn\">our editing services.<\/a> that Montage Podcast can offer you.<\/p>\n\n\n\n<h3 class=\"wp-block-heading\">\u203b <strong>Cleaning up of your audio files:<\/strong><\/h3>\n\n\n\n<p>In any recording, you can hear background noises or unwanted sounds. That\u2019s why we talk about <strong>cleaning up audio files<\/strong>. <br>This is a very important step, taking place at the very beginning of the editing process. It aims at eliminating flaws on a track - as much as possible - in order to unleash its full potential during the final editing of your podcast.<br>Please note that some sounds or noises can permanently damage a track. Don\u2019t hesitate to <a href=\"https:\/\/www.montagepodcast.com\/en\/contact\/\">contact us<\/a> before filling up <a href=\"https:\/\/www.montagepodcast.com\/en\/#formdevisbtn\">your quote form<\/a>, or if in doubt of what can be done with your track.<\/p>\n\n\n\n<h3 class=\"wp-block-heading\">\u203b <strong>Editing:<\/strong><\/h3>\n\n\n\n<p>Par <strong>Editing <\/strong>a podcast is about shaping up your tracks. In other words, the editing phase gathers the different processes performed on your tracks to ultimately transform it into your podcast episode.<br>During this editing phase, we will cut all the parts of the track that won\u2019t be included in your final episode (interruptions, unwanted noise, silences). We will also remove long silences, improve the general rhythm... To put it simply, we will make your podcast as pleasant as possible for the listener - or for you.<\/p>\n\n\n\n<h3 class=\"wp-block-heading\">\u203b <strong>Mixing:<\/strong><\/h3>\n\n\n\n<p>The next phase is <strong>mixing<\/strong>. We will equalize the volume levels of each speaker throughout a track or on different tracks if you provide us with multiple of them. The aim here is to reach an homogeneous result when listening, and avoid too large volume differences - which could be unpleasant for listeners.<\/p>\n\n\n\n<h3 class=\"wp-block-heading\">\u203b <strong>Simultaneous tracks:<\/strong><\/h3>\n\n\n\n<p>When recording in a group, we recommend you to record 1 track per speaker (in other words, 1 audio file per person). These <strong>simultaneous tracks<\/strong> will allow a much better editing and mixing process, and therefore, a better final rendering of your podcast episode.<br>Sound effects - generic or jingles - will be gathered into a single track that will count as an additional track.<\/p>\n\n\n\n<h3 class=\"wp-block-heading\">\u203b <strong>Mastering :<\/strong><\/h3>\n\n\n\n<p>The <strong>Mastering <\/strong>is the final phase when putting together your podcast episode. It is the final varnish layer that will make the whole episode shine: it will highlight all the work done upstream.<br>Different effects are applied: first, on each track and then on the whole file. This step ensures that the sound takes on the full spectrum of volume that it needs without ever harming the ears of your listeners. Although it is not essential, this step can make the difference if you are aiming at a professional rendering.<\/p>\n\n\n\n<h3 class=\"wp-block-heading\">\u203b <strong>Final render:<\/strong><\/h3>\n\n\n\n<p>Once your tracks are processed, we provide you with a 192kbps mp3 file. This is the standard format for a good quality podcast.<br>Kbps reflects the amount of digital information per second in your file. The higher this number is, the better the quality. However, the larger your files are, the longer the download time will be. This can become a hindrance to you and your listeners: slower uploads, increase in storage space required, download problems when using a bad connection...<br>192kbps is a good compromise between listening comfort and downloading speed.<br>We remain at your disposal if you would like to obtain a mp3 file in another quality, or another format.<\/p>\n\n\n\n<h2 class=\"has-text-align-center wp-block-heading\">When it comes to rights<\/h2>\n\n\n\n<p>The issue of musical rights in podcasts has been unclear for quite some time, but the most popular listening platforms (such as Apple Podcasts, Google Podcasts, Spotify or Deezer) can recognize songs that require licenses to use them. If you have any doubts, or if you do not possess a sound or music license, we recommend you to use royalty-free songs. \nIf you use a licenced audio, you might see your podcast unavailable on one or more platforms, or risk more serious penalties in the future (legal proceedings, cancelation of your hosting account).<\/p>\n\n\n\n<p>The sound design of your podcast episodes is very important. It will determine your true color, your DNA. On many websites, you will find so-called \u00ab royalty-free \u00bb songs that are free. They can be used within the limitations chosen by the author (no modifications, no use in a commercial context, for example). Some will have more flexibility in their use if purchased. Last option, your sound design can be tailor-made by <a href=\"http:\/\/www.davidrampillon.com\/\" target=\"_blank\" rel=\"noreferrer noopener\">a composer<\/a>.<\/p>\n\n\n\n<h2 class=\"has-text-align-center wp-block-heading\">One last thing<\/h2>\n\n\n\n<p>Before publishing, we recommend you to tag your podcast files.\nThis is an optional step, but it will make it easy for anyone who downloads your episode to find it in their media player.<br>The information to fill out are the title, description, numbering... You can for example use a tool called <a href=\"https:\/\/www.mp3tag.de\/en\/download.html\" target=\"_blank\" rel=\"noreferrer noopener\">mp3tag<\/a>.<\/p>\n\n\n\n<hr class=\"wp-block-separator\"\/>\n\n\n\n<p class=\"has-text-align-center centerforced\">An answer you couldn\u2019t find? Feel free to <a href=\"https:\/\/www.montagepodcast.com\/en\/contact\/\">contact us<\/a>.<\/p>","protected":false},"excerpt":{"rendered":"<p>Lexique Vous trouverez ci-dessous des d\u00e9finitions plus pr\u00e9cises des termes utilis\u00e9s dans les diff\u00e9rentes offres que Montage Podcast peut vous proposer. \u203b Nettoyage des enregistrements : N&rsquo;importe quel enregistrement peut comporter un bruit de fond ou des sons ind\u00e9sirables. C&rsquo;est pourquoi nous parlons de nettoyage des enregistrements. C&rsquo;est une \u00e9tape primordiale, qui se d\u00e9roule tout [&hellip;]<\/p>\n","protected":false},"author":1,"featured_media":0,"parent":0,"menu_order":0,"comment_status":"closed","ping_status":"closed","template":"","meta":{"footnotes":""},"class_list":["post-149","page","type-page","status-publish","hentry"],"yoast_head":"<!-- This site is optimized with the Yoast SEO plugin v27.4 - https:\/\/yoast.com\/product\/yoast-seo-wordpress\/ -->\n<title>Montage Podcast - D\u00e9tails techniques<\/title>\n<meta name=\"description\" content=\"En apprendre plus sur les d\u00e9tails techniques relatifs au montage d&#039;un podcast : mixage, montage, mastering...\" \/>\n<meta name=\"robots\" content=\"index, follow, max-snippet:-1, max-image-preview:large, max-video-preview:-1\" \/>\n<link rel=\"canonical\" href=\"https:\/\/www.montagepodcast.com\/en\/details-techniques-montage-podcast\/\" \/>\n<meta property=\"og:locale\" content=\"en_GB\" \/>\n<meta property=\"og:type\" content=\"article\" \/>\n<meta property=\"og:title\" content=\"Montage Podcast - D\u00e9tails techniques\" \/>\n<meta property=\"og:description\" content=\"En apprendre plus sur les d\u00e9tails techniques relatifs au montage d&#039;un podcast : mixage, montage, mastering...\" \/>\n<meta property=\"og:url\" content=\"https:\/\/www.montagepodcast.com\/en\/details-techniques-montage-podcast\/\" \/>\n<meta property=\"og:site_name\" content=\"Montage Podcast\" \/>\n<meta property=\"article:publisher\" content=\"https:\/\/www.facebook.com\/lafabriqueapodcast\" \/>\n<meta property=\"article:modified_time\" content=\"2021-04-27T13:47:39+00:00\" \/>\n<meta name=\"twitter:card\" content=\"summary_large_image\" \/>\n<meta name=\"twitter:site\" content=\"@fabriquepodcast\" \/>\n<meta name=\"twitter:label1\" content=\"Estimated reading time\" \/>\n\t<meta name=\"twitter:data1\" content=\"4 minutes\" \/>\n<script type=\"application\/ld+json\" class=\"yoast-schema-graph\">{\"@context\":\"https:\\\/\\\/schema.org\",\"@graph\":[{\"@type\":\"WebPage\",\"@id\":\"https:\\\/\\\/www.montagepodcast.com\\\/details-techniques-montage-podcast\\\/\",\"url\":\"https:\\\/\\\/www.montagepodcast.com\\\/details-techniques-montage-podcast\\\/\",\"name\":\"Montage Podcast - D\u00e9tails techniques\",\"isPartOf\":{\"@id\":\"https:\\\/\\\/www.montagepodcast.com\\\/#website\"},\"datePublished\":\"2021-04-26T16:18:33+00:00\",\"dateModified\":\"2021-04-27T13:47:39+00:00\",\"description\":\"En apprendre plus sur les d\u00e9tails techniques relatifs au montage d'un podcast : mixage, montage, mastering...\",\"breadcrumb\":{\"@id\":\"https:\\\/\\\/www.montagepodcast.com\\\/details-techniques-montage-podcast\\\/#breadcrumb\"},\"inLanguage\":\"en-GB\",\"potentialAction\":[{\"@type\":\"ReadAction\",\"target\":[\"https:\\\/\\\/www.montagepodcast.com\\\/details-techniques-montage-podcast\\\/\"]}]},{\"@type\":\"BreadcrumbList\",\"@id\":\"https:\\\/\\\/www.montagepodcast.com\\\/details-techniques-montage-podcast\\\/#breadcrumb\",\"itemListElement\":[{\"@type\":\"ListItem\",\"position\":1,\"name\":\"Accueil\",\"item\":\"https:\\\/\\\/www.montagepodcast.com\\\/\"},{\"@type\":\"ListItem\",\"position\":2,\"name\":\"D\u00e9tails techniques\"}]},{\"@type\":\"WebSite\",\"@id\":\"https:\\\/\\\/www.montagepodcast.com\\\/#website\",\"url\":\"https:\\\/\\\/www.montagepodcast.com\\\/\",\"name\":\"Montage Podcast\",\"description\":\"\",\"potentialAction\":[{\"@type\":\"SearchAction\",\"target\":{\"@type\":\"EntryPoint\",\"urlTemplate\":\"https:\\\/\\\/www.montagepodcast.com\\\/?s={search_term_string}\"},\"query-input\":{\"@type\":\"PropertyValueSpecification\",\"valueRequired\":true,\"valueName\":\"search_term_string\"}}],\"inLanguage\":\"en-GB\"}]}<\/script>\n<!-- \/ Yoast SEO plugin. -->","yoast_head_json":{"title":"Montage Podcast - D\u00e9tails techniques","description":"En apprendre plus sur les d\u00e9tails techniques relatifs au montage d'un podcast : mixage, montage, mastering...","robots":{"index":"index","follow":"follow","max-snippet":"max-snippet:-1","max-image-preview":"max-image-preview:large","max-video-preview":"max-video-preview:-1"},"canonical":"https:\/\/www.montagepodcast.com\/en\/details-techniques-montage-podcast\/","og_locale":"en_GB","og_type":"article","og_title":"Montage Podcast - D\u00e9tails techniques","og_description":"En apprendre plus sur les d\u00e9tails techniques relatifs au montage d'un podcast : mixage, montage, mastering...","og_url":"https:\/\/www.montagepodcast.com\/en\/details-techniques-montage-podcast\/","og_site_name":"Montage Podcast","article_publisher":"https:\/\/www.facebook.com\/lafabriqueapodcast","article_modified_time":"2021-04-27T13:47:39+00:00","twitter_card":"summary_large_image","twitter_site":"@fabriquepodcast","twitter_misc":{"Estimated reading time":"4 minutes"},"schema":{"@context":"https:\/\/schema.org","@graph":[{"@type":"WebPage","@id":"https:\/\/www.montagepodcast.com\/details-techniques-montage-podcast\/","url":"https:\/\/www.montagepodcast.com\/details-techniques-montage-podcast\/","name":"Montage Podcast - D\u00e9tails techniques","isPartOf":{"@id":"https:\/\/www.montagepodcast.com\/#website"},"datePublished":"2021-04-26T16:18:33+00:00","dateModified":"2021-04-27T13:47:39+00:00","description":"En apprendre plus sur les d\u00e9tails techniques relatifs au montage d'un podcast : mixage, montage, mastering...","breadcrumb":{"@id":"https:\/\/www.montagepodcast.com\/details-techniques-montage-podcast\/#breadcrumb"},"inLanguage":"en-GB","potentialAction":[{"@type":"ReadAction","target":["https:\/\/www.montagepodcast.com\/details-techniques-montage-podcast\/"]}]},{"@type":"BreadcrumbList","@id":"https:\/\/www.montagepodcast.com\/details-techniques-montage-podcast\/#breadcrumb","itemListElement":[{"@type":"ListItem","position":1,"name":"Accueil","item":"https:\/\/www.montagepodcast.com\/"},{"@type":"ListItem","position":2,"name":"D\u00e9tails techniques"}]},{"@type":"WebSite","@id":"https:\/\/www.montagepodcast.com\/#website","url":"https:\/\/www.montagepodcast.com\/","name":"Editing Podcast","description":"","potentialAction":[{"@type":"SearchAction","target":{"@type":"EntryPoint","urlTemplate":"https:\/\/www.montagepodcast.com\/?s={search_term_string}"},"query-input":{"@type":"PropertyValueSpecification","valueRequired":true,"valueName":"search_term_string"}}],"inLanguage":"en-GB"}]}},"_links":{"self":[{"href":"https:\/\/www.montagepodcast.com\/en\/wp-json\/wp\/v2\/pages\/149","targetHints":{"allow":["GET"]}}],"collection":[{"href":"https:\/\/www.montagepodcast.com\/en\/wp-json\/wp\/v2\/pages"}],"about":[{"href":"https:\/\/www.montagepodcast.com\/en\/wp-json\/wp\/v2\/types\/page"}],"author":[{"embeddable":true,"href":"https:\/\/www.montagepodcast.com\/en\/wp-json\/wp\/v2\/users\/1"}],"replies":[{"embeddable":true,"href":"https:\/\/www.montagepodcast.com\/en\/wp-json\/wp\/v2\/comments?post=149"}],"version-history":[{"count":14,"href":"https:\/\/www.montagepodcast.com\/en\/wp-json\/wp\/v2\/pages\/149\/revisions"}],"predecessor-version":[{"id":183,"href":"https:\/\/www.montagepodcast.com\/en\/wp-json\/wp\/v2\/pages\/149\/revisions\/183"}],"wp:attachment":[{"href":"https:\/\/www.montagepodcast.com\/en\/wp-json\/wp\/v2\/media?parent=149"}],"curies":[{"name":"wp","href":"https:\/\/api.w.org\/{rel}","templated":true}]}}