{"id":218,"date":"2021-07-20T23:01:31","date_gmt":"2021-07-20T21:01:31","guid":{"rendered":"https:\/\/www.montagepodcast.com\/?page_id=218"},"modified":"2021-07-23T11:48:38","modified_gmt":"2021-07-23T09:48:38","slug":"references-montage-podcast","status":"publish","type":"page","link":"https:\/\/www.montagepodcast.com\/en\/references-montage-podcast\/","title":{"rendered":"References"},"content":{"rendered":"<p><\/p>\n\n\n\n<h2 class=\"has-text-align-center wp-block-heading\">They trust us<\/h2>\n\n\n\n<h3 class=\"has-text-align-center wp-block-heading\"><strong>The Duchess of Science<\/strong><\/h3>\n\n\n\n<p><a href=\"https:\/\/www.theduchessofscience.com\/\" target=\"_blank\" rel=\"noreferrer noopener\">The Duchess of Science<\/a> came to us to benefit from our expertise after a particularly complicated recording. We restored much of the sound, worked on the rhythm of the podcast and prepared the final mix for broadcast.<\/p>\n\n\n\n<figure class=\"wp-block-audio\"><audio controls src=\"https:\/\/www.montagepodcast.com\/extracts\/ExtractTheDuchessOfScience_Before.mp3\"><\/audio><figcaption>Original file sent by The Duchess of Science<\/figcaption><\/figure>\n\n\n\n<figure class=\"wp-block-audio\"><audio controls src=\"https:\/\/www.montagepodcast.com\/extracts\/ExtractTheDuchessOfScience_After.mp3\"><\/audio><figcaption>Final result<\/figcaption><\/figure>\n\n\n\n<blockquote class=\"wp-block-quote is-layout-flow wp-block-quote-is-layout-flow\"><p>\"Montage Podcast is the perfect choice for a technophobic podcaster like me. He is great at giving tips and advice on how to get the best recording and then takes them and polishes them up without delay\"<\/p><cite>Naomi Julien (The Duchess of Science)<\/cite><\/blockquote>\n\n\n\n<p>Of course our work did not stop there. We were able to offer simple and reliable technical solutions that improved the quality of next recordings.<\/p>\n\n\n\n<h3 class=\"has-text-align-center wp-block-heading\"><strong>Afterlife Inc &#8211; Seasons<\/strong><\/h3>\n\n\n\n<p>The <a href=\"https:\/\/www.seasonsnovel.com\/\" target=\"_blank\" rel=\"noreferrer noopener\">Seasons<\/a> team called on our expertise when producing an audio saga. The whole work consisted of improving the vocals, repairing them when necessary and including them on a original soundtrack.<\/p>\n\n\n\n<figure class=\"wp-block-audio\"><audio controls src=\"https:\/\/www.montagepodcast.com\/extracts\/ExtractAfterlifeInc_Before1.mp3\"><\/audio><figcaption>Incomplete raw recording (absence of \"elle\" at the beginning of the sentence \"elle effleure...\")<\/figcaption><\/figure>\n\n\n\n<figure class=\"wp-block-audio\"><audio controls src=\"https:\/\/www.montagepodcast.com\/extracts\/ExtractAfterlifeInc_Before2.mp3\"><\/audio><figcaption>First sound corrections and modification to recreate the missing \"elle\"<\/figcaption><\/figure>\n\n\n\n<blockquote class=\"wp-block-quote is-layout-flow wp-block-quote-is-layout-flow\"><p>\u201cOriginally commissioned to create an original soundtrack for audio fiction, Montage Podcast also took care of editing, mixing and mastering. The result lived up to our expectations. Beyond the composition, great care has been taken in the rhythm and sound treatment of the work. Editing Podcast was particularly responsive and available. Drawing on its experience and listening, the structure was also able to guide and advise us when necessary. Excellent collaboration. \"<\/p><cite>Ego &#8211; Seasons<\/cite><\/blockquote>\n\n\n\n<p>Mixing vocals and background music requires a lot of patience and successive listening to find the right rhythm and the right volume throughout the adventure. Afterlife Inc takes place in several episodes, it was also necessary to ensure the good continuity of the sound between the episodes.<\/p>\n\n\n\n<figure class=\"wp-block-audio\"><audio controls src=\"https:\/\/www.montagepodcast.com\/extracts\/ExtractAfterlifeInc_After.mp3\"><\/audio><figcaption>Final result<\/figcaption><\/figure>\n\n\n\n<h3 class=\"has-text-align-center wp-block-heading\"><strong>Another example<\/strong><\/h3>\n\n\n\n<p>As part of its activities, the<a href=\"https:\/\/www.badgeek.fr\/\" target=\"_blank\" rel=\"noreferrer noopener\">BadGeek association<\/a> regularly produces its own podcasts. The following example is a broadcast with several speakers recorded remotely over the Internet. <br>These recordings are not homogeneous with each other due to the different configurations of the guests (various volumes, cold or warm voice sound depending on the microphones used, different reverb from one record to another ...).<br>Here is a comparison before and after our work.<\/p>\n\n\n\n<figure class=\"wp-block-audio\"><audio controls src=\"https:\/\/www.montagepodcast.com\/extracts\/ExtractCaVaTrancher_Before.mp3\"><\/audio><figcaption>Before modifications<\/figcaption><\/figure>\n\n\n\n<figure class=\"wp-block-audio\"><audio controls src=\"https:\/\/www.montagepodcast.com\/extracts\/ExtractCaVaTrancher_After.mp3\"><\/audio><figcaption>Final result<\/figcaption><\/figure>\n\n\n\n<hr class=\"wp-block-separator\"\/>\n\n\n\n<p class=\"has-text-align-center centerforced\">If you also want to use our knowledge, take a look <a href=\"https:\/\/www.montagepodcast.com\/en\/#formdevisbtn\">the different offers<\/a> that Montage Podcast can offer you.<\/p>","protected":false},"excerpt":{"rendered":"<p>Ils nous font confiance The Duchess of Science The Duchess of Science est venu vers nous pour b\u00e9n\u00e9ficier de notre expertise apr\u00e8s un enregistrement particuli\u00e8rement compliqu\u00e9. Nous avons restaur\u00e9 une grande partie du son, travaill\u00e9 le rythme du podcast et pr\u00e9par\u00e9 le mixage final pour sa diffusion. \u00ab\u00a0Montage Podcast est le choix parfait pour un [&hellip;]<\/p>\n","protected":false},"author":1,"featured_media":0,"parent":0,"menu_order":0,"comment_status":"closed","ping_status":"closed","template":"","meta":{"footnotes":""},"class_list":["post-218","page","type-page","status-publish","hentry"],"yoast_head":"<!-- This site is optimized with the Yoast SEO plugin v27.4 - https:\/\/yoast.com\/product\/yoast-seo-wordpress\/ -->\n<title>R\u00e9f\u00e9rences - Montage Podcast<\/title>\n<meta name=\"robots\" content=\"index, follow, max-snippet:-1, max-image-preview:large, max-video-preview:-1\" \/>\n<link rel=\"canonical\" href=\"https:\/\/www.montagepodcast.com\/en\/references-montage-podcast\/\" \/>\n<meta property=\"og:locale\" content=\"en_GB\" \/>\n<meta property=\"og:type\" content=\"article\" \/>\n<meta property=\"og:title\" content=\"R\u00e9f\u00e9rences - Montage Podcast\" \/>\n<meta property=\"og:description\" content=\"Ils nous font confiance The Duchess of Science The Duchess of Science est venu vers nous pour b\u00e9n\u00e9ficier de notre expertise apr\u00e8s un enregistrement particuli\u00e8rement compliqu\u00e9. Nous avons restaur\u00e9 une grande partie du son, travaill\u00e9 le rythme du podcast et pr\u00e9par\u00e9 le mixage final pour sa diffusion. \u00ab\u00a0Montage Podcast est le choix parfait pour un [&hellip;]\" \/>\n<meta property=\"og:url\" content=\"https:\/\/www.montagepodcast.com\/en\/references-montage-podcast\/\" \/>\n<meta property=\"og:site_name\" content=\"Montage Podcast\" \/>\n<meta property=\"article:publisher\" content=\"https:\/\/www.facebook.com\/lafabriqueapodcast\" \/>\n<meta property=\"article:modified_time\" content=\"2021-07-23T09:48:38+00:00\" \/>\n<meta name=\"twitter:card\" content=\"summary_large_image\" \/>\n<meta name=\"twitter:site\" content=\"@fabriquepodcast\" \/>\n<meta name=\"twitter:label1\" content=\"Estimated reading time\" \/>\n\t<meta name=\"twitter:data1\" content=\"2 minutes\" \/>\n<script type=\"application\/ld+json\" class=\"yoast-schema-graph\">{\"@context\":\"https:\\\/\\\/schema.org\",\"@graph\":[{\"@type\":\"WebPage\",\"@id\":\"https:\\\/\\\/www.montagepodcast.com\\\/references-montage-podcast\\\/\",\"url\":\"https:\\\/\\\/www.montagepodcast.com\\\/references-montage-podcast\\\/\",\"name\":\"R\u00e9f\u00e9rences - Montage Podcast\",\"isPartOf\":{\"@id\":\"https:\\\/\\\/www.montagepodcast.com\\\/#website\"},\"datePublished\":\"2021-07-20T21:01:31+00:00\",\"dateModified\":\"2021-07-23T09:48:38+00:00\",\"breadcrumb\":{\"@id\":\"https:\\\/\\\/www.montagepodcast.com\\\/references-montage-podcast\\\/#breadcrumb\"},\"inLanguage\":\"en-GB\",\"potentialAction\":[{\"@type\":\"ReadAction\",\"target\":[\"https:\\\/\\\/www.montagepodcast.com\\\/references-montage-podcast\\\/\"]}]},{\"@type\":\"BreadcrumbList\",\"@id\":\"https:\\\/\\\/www.montagepodcast.com\\\/references-montage-podcast\\\/#breadcrumb\",\"itemListElement\":[{\"@type\":\"ListItem\",\"position\":1,\"name\":\"Accueil\",\"item\":\"https:\\\/\\\/www.montagepodcast.com\\\/\"},{\"@type\":\"ListItem\",\"position\":2,\"name\":\"R\u00e9f\u00e9rences\"}]},{\"@type\":\"WebSite\",\"@id\":\"https:\\\/\\\/www.montagepodcast.com\\\/#website\",\"url\":\"https:\\\/\\\/www.montagepodcast.com\\\/\",\"name\":\"Montage Podcast\",\"description\":\"\",\"potentialAction\":[{\"@type\":\"SearchAction\",\"target\":{\"@type\":\"EntryPoint\",\"urlTemplate\":\"https:\\\/\\\/www.montagepodcast.com\\\/?s={search_term_string}\"},\"query-input\":{\"@type\":\"PropertyValueSpecification\",\"valueRequired\":true,\"valueName\":\"search_term_string\"}}],\"inLanguage\":\"en-GB\"}]}<\/script>\n<!-- \/ Yoast SEO plugin. -->","yoast_head_json":{"title":"R\u00e9f\u00e9rences - Montage Podcast","robots":{"index":"index","follow":"follow","max-snippet":"max-snippet:-1","max-image-preview":"max-image-preview:large","max-video-preview":"max-video-preview:-1"},"canonical":"https:\/\/www.montagepodcast.com\/en\/references-montage-podcast\/","og_locale":"en_GB","og_type":"article","og_title":"R\u00e9f\u00e9rences - Montage Podcast","og_description":"Ils nous font confiance The Duchess of Science The Duchess of Science est venu vers nous pour b\u00e9n\u00e9ficier de notre expertise apr\u00e8s un enregistrement particuli\u00e8rement compliqu\u00e9. Nous avons restaur\u00e9 une grande partie du son, travaill\u00e9 le rythme du podcast et pr\u00e9par\u00e9 le mixage final pour sa diffusion. \u00ab\u00a0Montage Podcast est le choix parfait pour un [&hellip;]","og_url":"https:\/\/www.montagepodcast.com\/en\/references-montage-podcast\/","og_site_name":"Montage Podcast","article_publisher":"https:\/\/www.facebook.com\/lafabriqueapodcast","article_modified_time":"2021-07-23T09:48:38+00:00","twitter_card":"summary_large_image","twitter_site":"@fabriquepodcast","twitter_misc":{"Estimated reading time":"2 minutes"},"schema":{"@context":"https:\/\/schema.org","@graph":[{"@type":"WebPage","@id":"https:\/\/www.montagepodcast.com\/references-montage-podcast\/","url":"https:\/\/www.montagepodcast.com\/references-montage-podcast\/","name":"R\u00e9f\u00e9rences - Montage Podcast","isPartOf":{"@id":"https:\/\/www.montagepodcast.com\/#website"},"datePublished":"2021-07-20T21:01:31+00:00","dateModified":"2021-07-23T09:48:38+00:00","breadcrumb":{"@id":"https:\/\/www.montagepodcast.com\/references-montage-podcast\/#breadcrumb"},"inLanguage":"en-GB","potentialAction":[{"@type":"ReadAction","target":["https:\/\/www.montagepodcast.com\/references-montage-podcast\/"]}]},{"@type":"BreadcrumbList","@id":"https:\/\/www.montagepodcast.com\/references-montage-podcast\/#breadcrumb","itemListElement":[{"@type":"ListItem","position":1,"name":"Accueil","item":"https:\/\/www.montagepodcast.com\/"},{"@type":"ListItem","position":2,"name":"R\u00e9f\u00e9rences"}]},{"@type":"WebSite","@id":"https:\/\/www.montagepodcast.com\/#website","url":"https:\/\/www.montagepodcast.com\/","name":"Editing Podcast","description":"","potentialAction":[{"@type":"SearchAction","target":{"@type":"EntryPoint","urlTemplate":"https:\/\/www.montagepodcast.com\/?s={search_term_string}"},"query-input":{"@type":"PropertyValueSpecification","valueRequired":true,"valueName":"search_term_string"}}],"inLanguage":"en-GB"}]}},"_links":{"self":[{"href":"https:\/\/www.montagepodcast.com\/en\/wp-json\/wp\/v2\/pages\/218","targetHints":{"allow":["GET"]}}],"collection":[{"href":"https:\/\/www.montagepodcast.com\/en\/wp-json\/wp\/v2\/pages"}],"about":[{"href":"https:\/\/www.montagepodcast.com\/en\/wp-json\/wp\/v2\/types\/page"}],"author":[{"embeddable":true,"href":"https:\/\/www.montagepodcast.com\/en\/wp-json\/wp\/v2\/users\/1"}],"replies":[{"embeddable":true,"href":"https:\/\/www.montagepodcast.com\/en\/wp-json\/wp\/v2\/comments?post=218"}],"version-history":[{"count":5,"href":"https:\/\/www.montagepodcast.com\/en\/wp-json\/wp\/v2\/pages\/218\/revisions"}],"predecessor-version":[{"id":224,"href":"https:\/\/www.montagepodcast.com\/en\/wp-json\/wp\/v2\/pages\/218\/revisions\/224"}],"wp:attachment":[{"href":"https:\/\/www.montagepodcast.com\/en\/wp-json\/wp\/v2\/media?parent=218"}],"curies":[{"name":"wp","href":"https:\/\/api.w.org\/{rel}","templated":true}]}}