{"id":9,"date":"2021-04-24T15:20:38","date_gmt":"2021-04-24T13:20:38","guid":{"rendered":"https:\/\/montagepodcast.com\/?page_id=9"},"modified":"2021-04-30T23:18:14","modified_gmt":"2021-04-30T21:18:14","slug":"devis-en-ligne-montage-podcast","status":"publish","type":"page","link":"https:\/\/www.montagepodcast.com\/en\/","title":{"rendered":"Record your podcast, we're taking care of everything else"},"content":{"rendered":"<p><\/p>\n\n\n\n<h2 class=\"has-text-align-center wp-block-heading\">Your podcast deserves our full attention<\/h2>\n\n\n\n<p class=\"has-text-align-center centerforced has-large-font-size\">Is editing your podcast taking too much of your time? Do you feel like it needs a little something more?<\/p>\n\n\n\n<div class=\"wp-block-buttons is-content-justification-center is-layout-flex wp-block-buttons-is-layout-flex\">\n<div class=\"wp-block-button\"><a class=\"wp-block-button__link\" href=\"#formdevisbtn\">Get a quote<\/a><\/div>\n<\/div>\n\n\n\n<p><br>Editing Podcast is the result of 10 years of experience in the podcast world, independent and professional, from a French non profit association called <a rel=\"noreferrer noopener\" href=\"https:\/\/www.badgeek.fr\/\" target=\"_blank\">BadGeek<\/a>. BadGeek is hosting, broadcasting and helping dozens of podcasts on its website, they're also organising one of the few French podcast festivals in France: <a rel=\"noreferrer noopener\" href=\"http:\/\/www.podrennes.fr\/\" target=\"_blank\">PodRennes<\/a>.<\/p>\n\n\n\n<p>Fill out the following form to get an instant quote for your podcast editing needs. Save time and focus on what's important, we'll provide you the quality boost that your podcast deserves.<\/p>\n\n\n\n<p class=\"has-text-align-center centerforced\"><a href=\"https:\/\/www.montagepodcast.com\/en\/qui-sommes-nous\/\">Curious? Get to know us<\/a><\/p>\n\n\n\n<p id=\"formdevisbtn\"><\/p>\n\n\n\n<div class=\"wp-block-group alignwide has-background\" style=\"background-color:#ffffff\"><div class=\"wp-block-group__inner-container is-layout-flow wp-block-group-is-layout-flow\">\n<div class=\"wp-block-group\"><div class=\"wp-block-group__inner-container is-layout-flow wp-block-group-is-layout-flow\">\n<iframe src=\"\/_devismontage.php\" id=\"devis\" name=\"devis\" scrolling=\"overflow-x:hidden\" frameborder=\"0\"><\/iframe>\n<\/div><\/div>\n<\/div><\/div>\n\n\n\n<p><\/p>","protected":false},"excerpt":{"rendered":"<p>Votre podcast m\u00e9rite qu&rsquo;on s&rsquo;y attarde Le montage vous prend du temps ? Vous n&rsquo;\u00eates pas satisfait ? Montage Podcast est l&rsquo;aboutissement de dix ans de production au sein de l&rsquo;association BadGeek, organisatrice du festival PodRennes, sp\u00e9cialis\u00e9e dans le domaine du podcast. Laissez-vous guider et remplissez le formulaire suivant pour gagner du temps et am\u00e9liorer [&hellip;]<\/p>\n","protected":false},"author":1,"featured_media":0,"parent":0,"menu_order":0,"comment_status":"closed","ping_status":"closed","template":"","meta":{"footnotes":""},"class_list":["post-9","page","type-page","status-publish","hentry"],"yoast_head":"<!-- This site is optimized with the Yoast SEO plugin v27.4 - https:\/\/yoast.com\/product\/yoast-seo-wordpress\/ -->\n<title>Montage Podcast - Enregistrez votre podcast, on s&#039;occupe du reste<\/title>\n<meta name=\"description\" content=\"All\u00e9gez-vous l&#039;esprit, concentrez-vous sur le principal. Montage Podcast vous propose un service tout-en-un pour atteindre vos objectifs.\" \/>\n<meta name=\"robots\" content=\"index, follow, max-snippet:-1, max-image-preview:large, max-video-preview:-1\" \/>\n<link rel=\"canonical\" href=\"https:\/\/www.montagepodcast.com\/en\/\" \/>\n<meta property=\"og:locale\" content=\"en_GB\" \/>\n<meta property=\"og:type\" content=\"article\" \/>\n<meta property=\"og:title\" content=\"Montage Podcast - Enregistrez votre podcast, on s&#039;occupe du reste\" \/>\n<meta property=\"og:description\" content=\"All\u00e9gez-vous l&#039;esprit, concentrez-vous sur le principal. Montage Podcast vous propose un service tout-en-un pour atteindre vos objectifs.\" \/>\n<meta property=\"og:url\" content=\"https:\/\/www.montagepodcast.com\/en\/\" \/>\n<meta property=\"og:site_name\" content=\"Montage Podcast\" \/>\n<meta property=\"article:publisher\" content=\"https:\/\/www.facebook.com\/lafabriqueapodcast\" \/>\n<meta property=\"article:modified_time\" content=\"2021-04-30T21:18:14+00:00\" \/>\n<meta name=\"twitter:card\" content=\"summary_large_image\" \/>\n<meta name=\"twitter:site\" content=\"@fabriquepodcast\" \/>\n<meta name=\"twitter:label1\" content=\"Estimated reading time\" \/>\n\t<meta name=\"twitter:data1\" content=\"1 minute\" \/>\n<script type=\"application\/ld+json\" class=\"yoast-schema-graph\">{\"@context\":\"https:\\\/\\\/schema.org\",\"@graph\":[{\"@type\":\"WebPage\",\"@id\":\"https:\\\/\\\/www.montagepodcast.com\\\/\",\"url\":\"https:\\\/\\\/www.montagepodcast.com\\\/\",\"name\":\"Montage Podcast - Enregistrez votre podcast, on s'occupe du reste\",\"isPartOf\":{\"@id\":\"https:\\\/\\\/www.montagepodcast.com\\\/#website\"},\"datePublished\":\"2021-04-24T13:20:38+00:00\",\"dateModified\":\"2021-04-30T21:18:14+00:00\",\"description\":\"All\u00e9gez-vous l'esprit, concentrez-vous sur le principal. Montage Podcast vous propose un service tout-en-un pour atteindre vos objectifs.\",\"breadcrumb\":{\"@id\":\"https:\\\/\\\/www.montagepodcast.com\\\/#breadcrumb\"},\"inLanguage\":\"en-GB\",\"potentialAction\":[{\"@type\":\"ReadAction\",\"target\":[\"https:\\\/\\\/www.montagepodcast.com\\\/\"]}]},{\"@type\":\"BreadcrumbList\",\"@id\":\"https:\\\/\\\/www.montagepodcast.com\\\/#breadcrumb\",\"itemListElement\":[{\"@type\":\"ListItem\",\"position\":1,\"name\":\"Accueil\",\"item\":\"https:\\\/\\\/www.montagepodcast.com\\\/\"},{\"@type\":\"ListItem\",\"position\":2,\"name\":\"Enregistrez votre podcast, on s&rsquo;occupe du reste\"}]},{\"@type\":\"WebSite\",\"@id\":\"https:\\\/\\\/www.montagepodcast.com\\\/#website\",\"url\":\"https:\\\/\\\/www.montagepodcast.com\\\/\",\"name\":\"Montage Podcast\",\"description\":\"\",\"potentialAction\":[{\"@type\":\"SearchAction\",\"target\":{\"@type\":\"EntryPoint\",\"urlTemplate\":\"https:\\\/\\\/www.montagepodcast.com\\\/?s={search_term_string}\"},\"query-input\":{\"@type\":\"PropertyValueSpecification\",\"valueRequired\":true,\"valueName\":\"search_term_string\"}}],\"inLanguage\":\"en-GB\"}]}<\/script>\n<!-- \/ Yoast SEO plugin. -->","yoast_head_json":{"title":"Montage Podcast - Enregistrez votre podcast, on s'occupe du reste","description":"All\u00e9gez-vous l'esprit, concentrez-vous sur le principal. Montage Podcast vous propose un service tout-en-un pour atteindre vos objectifs.","robots":{"index":"index","follow":"follow","max-snippet":"max-snippet:-1","max-image-preview":"max-image-preview:large","max-video-preview":"max-video-preview:-1"},"canonical":"https:\/\/www.montagepodcast.com\/en\/","og_locale":"en_GB","og_type":"article","og_title":"Montage Podcast - Enregistrez votre podcast, on s'occupe du reste","og_description":"All\u00e9gez-vous l'esprit, concentrez-vous sur le principal. Montage Podcast vous propose un service tout-en-un pour atteindre vos objectifs.","og_url":"https:\/\/www.montagepodcast.com\/en\/","og_site_name":"Montage Podcast","article_publisher":"https:\/\/www.facebook.com\/lafabriqueapodcast","article_modified_time":"2021-04-30T21:18:14+00:00","twitter_card":"summary_large_image","twitter_site":"@fabriquepodcast","twitter_misc":{"Estimated reading time":"1 minute"},"schema":{"@context":"https:\/\/schema.org","@graph":[{"@type":"WebPage","@id":"https:\/\/www.montagepodcast.com\/","url":"https:\/\/www.montagepodcast.com\/","name":"Montage Podcast - Enregistrez votre podcast, on s'occupe du reste","isPartOf":{"@id":"https:\/\/www.montagepodcast.com\/#website"},"datePublished":"2021-04-24T13:20:38+00:00","dateModified":"2021-04-30T21:18:14+00:00","description":"All\u00e9gez-vous l'esprit, concentrez-vous sur le principal. Montage Podcast vous propose un service tout-en-un pour atteindre vos objectifs.","breadcrumb":{"@id":"https:\/\/www.montagepodcast.com\/#breadcrumb"},"inLanguage":"en-GB","potentialAction":[{"@type":"ReadAction","target":["https:\/\/www.montagepodcast.com\/"]}]},{"@type":"BreadcrumbList","@id":"https:\/\/www.montagepodcast.com\/#breadcrumb","itemListElement":[{"@type":"ListItem","position":1,"name":"Accueil","item":"https:\/\/www.montagepodcast.com\/"},{"@type":"ListItem","position":2,"name":"Enregistrez votre podcast, on s&rsquo;occupe du reste"}]},{"@type":"WebSite","@id":"https:\/\/www.montagepodcast.com\/#website","url":"https:\/\/www.montagepodcast.com\/","name":"Editing Podcast","description":"","potentialAction":[{"@type":"SearchAction","target":{"@type":"EntryPoint","urlTemplate":"https:\/\/www.montagepodcast.com\/?s={search_term_string}"},"query-input":{"@type":"PropertyValueSpecification","valueRequired":true,"valueName":"search_term_string"}}],"inLanguage":"en-GB"}]}},"_links":{"self":[{"href":"https:\/\/www.montagepodcast.com\/en\/wp-json\/wp\/v2\/pages\/9","targetHints":{"allow":["GET"]}}],"collection":[{"href":"https:\/\/www.montagepodcast.com\/en\/wp-json\/wp\/v2\/pages"}],"about":[{"href":"https:\/\/www.montagepodcast.com\/en\/wp-json\/wp\/v2\/types\/page"}],"author":[{"embeddable":true,"href":"https:\/\/www.montagepodcast.com\/en\/wp-json\/wp\/v2\/users\/1"}],"replies":[{"embeddable":true,"href":"https:\/\/www.montagepodcast.com\/en\/wp-json\/wp\/v2\/comments?post=9"}],"version-history":[{"count":47,"href":"https:\/\/www.montagepodcast.com\/en\/wp-json\/wp\/v2\/pages\/9\/revisions"}],"predecessor-version":[{"id":171,"href":"https:\/\/www.montagepodcast.com\/en\/wp-json\/wp\/v2\/pages\/9\/revisions\/171"}],"wp:attachment":[{"href":"https:\/\/www.montagepodcast.com\/en\/wp-json\/wp\/v2\/media?parent=9"}],"curies":[{"name":"wp","href":"https:\/\/api.w.org\/{rel}","templated":true}]}}